{"id":77,"date":"2024-10-11T08:26:33","date_gmt":"2024-10-11T08:26:33","guid":{"rendered":"https:\/\/bruchsal-sfv.de\/?page_id=77"},"modified":"2024-12-16T18:17:39","modified_gmt":"2024-12-16T18:17:39","slug":"unsere-ehrenmitglieder","status":"publish","type":"page","link":"https:\/\/bruchsal-sfv.de\/index.php\/unsere-ehrenmitglieder\/","title":{"rendered":"Unsere Ehrenmitglieder"},"content":{"rendered":"\n<p><strong>Unsere Ehrenmitglieder<\/strong><\/p>\n\n\n\n<p>Die h\u00f6chste Auszeichnung, die einem aktiven, passiven oder f\u00f6rdernden Mitglied zuteil werden kann, ist die Ernennung zum Ehrenmitglied.<\/p>\n\n\n\n<p>Auch unser Verein hat in seiner lang-j\u00e4hrigen Geschichte besondere Leistungen mit der Ehrenmitgliedschaft gew\u00fcrdigt .<\/p>\n\n\n\n<figure class=\"wp-block-table\"><table><tbody><tr><td>2022<\/td><td>Michael Schlegel<\/td><td><\/td><td>28 Jahre  aktive Vorstandschaft<\/td><\/tr><tr><td>2007<\/td><td>Bernd  M\u00fcller<\/td><td><\/td><td>f\u00fcr 22 Jahre Kassier<\/td><\/tr><tr><td>2007<\/td><td>Willi Wurz<\/td><td>gest.<\/td><td>f\u00fcr langj\u00e4hrige aktive Vorstandschaft<\/td><\/tr><tr><td>2001<\/td><td>Karl-Heinz Holderer<\/td><td>gest.<\/td><td>f\u00fcr 44 Jahre Mitgliedschaft<\/td><\/tr><tr><td>2001<\/td><td>Kurt Guddat<\/td><td>gest.<\/td><td>f\u00fcr 40 Jahre aktive Mitgliedschaft<\/td><\/tr><tr><td>2001<\/td><td>Rainer Karolas<\/td><td>gest.<\/td><td>f\u00fcr 43 Jahre vorbildliche Mitgliedschaft<\/td><\/tr><tr><td>2001<\/td><td>Daniel Dopfer<\/td><td>gest.<\/td><td>f\u00fcr 43 Jahre Mitgliedschaft<\/td><\/tr><tr><td>2001<\/td><td>Gerd Bacher<\/td><td>gest.<\/td><td>f\u00fcr vorbildlichen Einsatz<\/td><\/tr><tr><td>2000<\/td><td>Sebastian Ebenstreit<\/td><td>gest.<\/td><td>f\u00fcr langj\u00e4hrige aktive Mitgliedschaft<\/td><\/tr><tr><td>1995<\/td><td>Horst M\u00fcller<\/td><td>gest.<\/td><td>f\u00fcr 30 Jahre aktive Vorstandschaft<\/td><\/tr><tr><td>1994<\/td><td>Josef Wolpe<\/td><td>gest.<\/td><td>f\u00fcr 38 Jahre Mitgliedschaft<\/td><\/tr><tr><td>1991<\/td><td>Heinrich Fuchs<\/td><td>gest.<\/td><td>f\u00fcr 39 Jahre aktive T\u00e4tigkeit<\/td><\/tr><tr><td>1991<\/td><td>Rudolf Weismann<\/td><td>gest.<\/td><td>f\u00fcr 33 Jahre Schriftf\u00fchrer und Sportwart<\/td><\/tr><tr><td>1991<\/td><td>Josef Leppert<\/td><td>gest.<\/td><td>f\u00fcr 40 Jahre aktive T\u00e4tigkeit<\/td><\/tr><tr><td>1986<\/td><td>Walter Fies<\/td><td>gest.<\/td><td>als Gr\u00fcndungsmitglied<\/td><\/tr><tr><td>1980<\/td><td>Karl Bickel<\/td><td>gest.<\/td><td>Ehrenvorsitzender 2. Vorstandst\u00e4tigkeit<\/td><\/tr><tr><td>1979<\/td><td>Wilhelm Kraus<\/td><td>gest.<\/td><td>f\u00fcr 25 Jahre Fischmeister<\/td><\/tr><tr><td>1978<\/td><td>Alois Heilig<\/td><td>gest.<\/td><td>f\u00fcr 26 Jahre Kassier<\/td><\/tr><tr><td>1977<\/td><td>Rudolf Fies<\/td><td>gest.<\/td><td>Gr\u00fcndungsmitglied<\/td><\/tr><tr><td>1068<\/td><td>Carl Wild<\/td><td>gest.<\/td><td>f\u00fcr 17 Jahre 1. Vorsitzender<\/td><\/tr><\/tbody><\/table><\/figure>\n\n\n\n<p><strong>Unsere Ehrenvorsitzenden<\/strong><\/p>\n\n\n\n<figure class=\"wp-block-table\"><table><tbody><tr><td>1986<\/td><td>Franz <\/td><td>Barth<\/td><td>gest.<\/td><td>f\u00fcr 18 Jahre 1. Vorsitzender<\/td><\/tr><tr><td>2001<\/td><td>Siegfried<\/td><td>Schlegel<\/td><td>gest.<\/td><td>f\u00fcr 16 Jahre 1. Vorsitzender<\/td><\/tr><tr><td><\/td><td><\/td><td><\/td><td><\/td><td><\/td><\/tr><\/tbody><\/table><\/figure>\n","protected":false},"excerpt":{"rendered":"<p>Unsere Ehrenmitglieder Die h\u00f6chste Auszeichnung, die einem aktiven, passiven oder f\u00f6rdernden Mitglied zuteil werden kann, ist die Ernennung zum Ehrenmitglied. Auch unser Verein hat in seiner lang-j\u00e4hrigen Geschichte besondere Leistungen mit der Ehrenmitgliedschaft gew\u00fcrdigt . 2022 Michael Schlegel 28 Jahre aktive Vorstandschaft 2007 Bernd M\u00fcller f\u00fcr 22 Jahre Kassier 2007 Willi Wurz gest. f\u00fcr langj\u00e4hrige &hellip; <a href=\"https:\/\/bruchsal-sfv.de\/index.php\/unsere-ehrenmitglieder\/\" class=\"more-link\"><span class=\"screen-reader-text\">Unsere Ehrenmitglieder<\/span> weiterlesen <span class=\"meta-nav\">&rarr;<\/span><\/a><\/p>\n","protected":false},"author":2,"featured_media":0,"parent":0,"menu_order":0,"comment_status":"closed","ping_status":"closed","template":"","meta":{"footnotes":""},"class_list":["post-77","page","type-page","status-publish","hentry"],"_links":{"self":[{"href":"https:\/\/bruchsal-sfv.de\/index.php\/wp-json\/wp\/v2\/pages\/77","targetHints":{"allow":["GET"]}}],"collection":[{"href":"https:\/\/bruchsal-sfv.de\/index.php\/wp-json\/wp\/v2\/pages"}],"about":[{"href":"https:\/\/bruchsal-sfv.de\/index.php\/wp-json\/wp\/v2\/types\/page"}],"author":[{"embeddable":true,"href":"https:\/\/bruchsal-sfv.de\/index.php\/wp-json\/wp\/v2\/users\/2"}],"replies":[{"embeddable":true,"href":"https:\/\/bruchsal-sfv.de\/index.php\/wp-json\/wp\/v2\/comments?post=77"}],"version-history":[{"count":4,"href":"https:\/\/bruchsal-sfv.de\/index.php\/wp-json\/wp\/v2\/pages\/77\/revisions"}],"predecessor-version":[{"id":163,"href":"https:\/\/bruchsal-sfv.de\/index.php\/wp-json\/wp\/v2\/pages\/77\/revisions\/163"}],"wp:attachment":[{"href":"https:\/\/bruchsal-sfv.de\/index.php\/wp-json\/wp\/v2\/media?parent=77"}],"curies":[{"name":"wp","href":"https:\/\/api.w.org\/{rel}","templated":true}]}}